{"id":7,"date":"2025-09-04T08:08:14","date_gmt":"2025-09-04T08:08:14","guid":{"rendered":"http:\/\/www.rituracces.com\/?page_id=7"},"modified":"2025-09-04T09:05:40","modified_gmt":"2025-09-04T09:05:40","slug":"red-iberoamericana-de-turismo-accesible","status":"publish","type":"page","link":"http:\/\/www.rituracces.com\/index.php\/red-iberoamericana-de-turismo-accesible\/","title":{"rendered":"Sobre Nosotros"},"content":{"rendered":"\n<figure class=\"wp-block-image size-large\"><img loading=\"lazy\" decoding=\"async\" width=\"886\" height=\"1024\" src=\"http:\/\/www.rituracces.com\/wp-content\/uploads\/2025\/09\/RI_TA-Cuadrado-1-886x1024.png\" alt=\"\" class=\"wp-image-32\" srcset=\"http:\/\/www.rituracces.com\/wp-content\/uploads\/2025\/09\/RI_TA-Cuadrado-1-886x1024.png 886w, http:\/\/www.rituracces.com\/wp-content\/uploads\/2025\/09\/RI_TA-Cuadrado-1-260x300.png 260w, http:\/\/www.rituracces.com\/wp-content\/uploads\/2025\/09\/RI_TA-Cuadrado-1-768x887.png 768w, http:\/\/www.rituracces.com\/wp-content\/uploads\/2025\/09\/RI_TA-Cuadrado-1.png 1139w\" sizes=\"auto, (max-width: 886px) 100vw, 886px\" \/><\/figure>\n\n\n\n<p><strong>Miembros<\/strong><\/p>\n\n\n\n<p>Pueden formar parte de la Red:<\/p>\n\n\n\n<ul class=\"wp-block-list\">\n<li><strong>Redes nacionales de turismo accesible<\/strong><\/li>\n\n\n\n<li><strong>Organizaciones e instituciones<\/strong> cuyo objetivo sea impulsar el turismo inclusivo<\/li>\n\n\n\n<li><strong>Profesionales y entidades de referencia<\/strong> en el sector<\/li>\n<\/ul>\n\n\n\n<p><strong>Tipos de miembros:<\/strong><\/p>\n\n\n\n<ul class=\"wp-block-list\">\n<li><strong>Fundadores:<\/strong> quienes participaron en la constituci\u00f3n de la Red.<\/li>\n\n\n\n<li><strong>De n\u00famero:<\/strong> los que se integran despu\u00e9s de su creaci\u00f3n.<\/li>\n\n\n\n<li><strong>De honor:<\/strong> personas o entidades reconocidas por su trayectoria y aportes al turismo accesible.<\/li>\n<\/ul>\n\n\n\n<p>Todos los miembros disfrutan de derechos como participar en las Asambleas, proponer iniciativas, recibir informaci\u00f3n actualizada y acceder a beneficios y oportunidades de colaboraci\u00f3n internacional.<\/p>\n\n\n\n<div class=\"wp-block-group alignfull has-global-padding is-layout-constrained wp-container-core-group-is-layout-490fa1db wp-block-group-is-layout-constrained\" style=\"padding-top:var(--wp--preset--spacing--50);padding-right:var(--wp--preset--spacing--50);padding-bottom:var(--wp--preset--spacing--50);padding-left:var(--wp--preset--spacing--50)\">\n<div class=\"wp-block-group has-global-padding is-layout-constrained wp-container-core-group-is-layout-650790e1 wp-block-group-is-layout-constrained\">\n<h1 class=\"wp-block-heading has-text-align-center has-x-large-font-size\"><strong>Junta Directiva<\/strong><\/h1>\n\n\n\n<figure class=\"wp-block-image alignwide size-full\"><img loading=\"lazy\" decoding=\"async\" width=\"624\" height=\"780\" src=\"http:\/\/www.rituracces.com\/wp-content\/uploads\/2025\/09\/diego-gonzalez.jpg\" alt=\"\" class=\"wp-image-29\" srcset=\"http:\/\/www.rituracces.com\/wp-content\/uploads\/2025\/09\/diego-gonzalez.jpg 624w, http:\/\/www.rituracces.com\/wp-content\/uploads\/2025\/09\/diego-gonzalez-240x300.jpg 240w\" sizes=\"auto, (max-width: 624px) 100vw, 624px\" \/><\/figure>\n\n\n\n<div style=\"height:0px\" aria-hidden=\"true\" class=\"wp-block-spacer\"><\/div>\n\n\n\n<p class=\"has-text-align-center\"><strong>Diego Gonz\u00e1lez Velasco<\/strong><\/p>\n\n\n\n<p class=\"has-text-align-center\">Presidente<\/p>\n\n\n\n<p class=\"has-text-align-center\"><br><\/p>\n\n\n\n<figure class=\"wp-block-image size-full\"><img loading=\"lazy\" decoding=\"async\" width=\"624\" height=\"780\" src=\"http:\/\/www.rituracces.com\/wp-content\/uploads\/2025\/09\/Arq-Adis-Ozuna.jpeg\" alt=\"\" class=\"wp-image-30\" srcset=\"http:\/\/www.rituracces.com\/wp-content\/uploads\/2025\/09\/Arq-Adis-Ozuna.jpeg 624w, http:\/\/www.rituracces.com\/wp-content\/uploads\/2025\/09\/Arq-Adis-Ozuna-240x300.jpeg 240w\" sizes=\"auto, (max-width: 624px) 100vw, 624px\" \/><\/figure>\n\n\n\n<p class=\"has-text-align-center\"><strong>Adis Ozuna<\/strong><br>Vicepresidenta<\/p>\n\n\n\n<figure class=\"wp-block-image alignfull size-full\"><img loading=\"lazy\" decoding=\"async\" width=\"200\" height=\"200\" src=\"http:\/\/www.rituracces.com\/wp-content\/uploads\/2025\/09\/judith-cardenas.jpeg\" alt=\"\" class=\"wp-image-31\" srcset=\"http:\/\/www.rituracces.com\/wp-content\/uploads\/2025\/09\/judith-cardenas.jpeg 200w, http:\/\/www.rituracces.com\/wp-content\/uploads\/2025\/09\/judith-cardenas-150x150.jpeg 150w\" sizes=\"auto, (max-width: 200px) 100vw, 200px\" \/><\/figure>\n\n\n\n<p class=\"has-text-align-center\"><strong>Judith Cardenas<\/strong><\/p>\n\n\n\n<p class=\"has-text-align-center\">Secretaria General<\/p>\n<\/div>\n\n\n\n<p><\/p>\n\n\n\n<div class=\"wp-block-group has-global-padding is-layout-constrained wp-container-core-group-is-layout-650790e1 wp-block-group-is-layout-constrained\">\n<p class=\"has-text-align-center\"><em>Todos los cargos son <strong>honor\u00edficos y no remunerados<\/strong>, elegidos por la Asamblea General para un per\u00edodo de cuatro a\u00f1os.<\/em><\/p>\n\n\n\n<p class=\"has-text-align-center\"><\/p>\n\n\n\n<p class=\"has-text-align-center\"><em>La Junta se encarga de dirigir las actividades de la Red, ejecutar los acuerdos de la Asamblea y representar legalmente a la organizaci\u00f3n en todos los \u00e1mbitos.<\/em><\/p>\n\n\n\n<p class=\"has-text-align-center\"><\/p>\n<\/div>\n\n\n\n<p class=\"has-text-align-center\"><\/p>\n<\/div>\n\n\n\n<div class=\"wp-block-group alignfull has-global-padding is-layout-constrained wp-container-core-group-is-layout-d89aad35 wp-block-group-is-layout-constrained\" style=\"margin-top:0;margin-bottom:0;padding-top:var(--wp--preset--spacing--50);padding-right:var(--wp--preset--spacing--50);padding-bottom:var(--wp--preset--spacing--50);padding-left:var(--wp--preset--spacing--50)\"><\/div>\n\n\n\n<div class=\"wp-block-group alignfull has-base-color has-contrast-background-color has-text-color has-background has-global-padding is-layout-constrained wp-container-core-group-is-layout-ef3d885c wp-block-group-is-layout-constrained\" style=\"margin-top:0;margin-bottom:0;padding-top:var(--wp--preset--spacing--60);padding-right:var(--wp--preset--spacing--60);padding-bottom:var(--wp--preset--spacing--60);padding-left:var(--wp--preset--spacing--60)\">\n<div class=\"wp-block-group has-global-padding is-layout-constrained wp-block-group-is-layout-constrained\">\n<p class=\"has-text-align-center has-base-color has-text-color has-heading-font-family has-x-large-font-size\" style=\"line-height:1.2\"><em>&#8220;La inclusi\u00f3n es la meta, la accesibilidad es el camino<\/em>&#8220;<\/p>\n\n\n\n<div style=\"height:var(--wp--preset--spacing--10)\" aria-hidden=\"true\" class=\"wp-block-spacer\"><\/div>\n\n\n\n<div class=\"wp-block-group is-vertical is-content-justification-center is-nowrap is-layout-flex wp-container-core-group-is-layout-2dc08cea wp-block-group-is-layout-flex\">\n<figure class=\"wp-block-gallery aligncenter has-nested-images columns-default is-cropped wp-block-gallery-1 is-layout-flex wp-block-gallery-is-layout-flex\">\n<figure class=\"wp-block-image size-thumbnail\"><img loading=\"lazy\" decoding=\"async\" width=\"150\" height=\"150\" data-id=\"36\" src=\"http:\/\/www.rituracces.com\/wp-content\/uploads\/2025\/09\/m-in-blue2-150x150.jpg\" alt=\"\" class=\"wp-image-36\" srcset=\"http:\/\/www.rituracces.com\/wp-content\/uploads\/2025\/09\/m-in-blue2-150x150.jpg 150w, http:\/\/www.rituracces.com\/wp-content\/uploads\/2025\/09\/m-in-blue2.jpg 225w\" sizes=\"auto, (max-width: 150px) 100vw, 150px\" \/><\/figure>\n<\/figure>\n\n\n\n<p class=\"has-text-align-center\" style=\"margin-top:var(--wp--preset--spacing--10);margin-bottom:0\">Adis Ozuna<\/p>\n\n\n\n<p class=\"has-text-align-center has-contrast-3-color has-text-color has-small-font-size\" style=\"font-style:normal;font-weight:300\">Vicepresidenta<\/p>\n<\/div>\n<\/div>\n<\/div>\n\n\n\n<div class=\"wp-block-group alignfull has-global-padding is-layout-constrained wp-container-core-group-is-layout-d89aad35 wp-block-group-is-layout-constrained\" style=\"margin-top:0;margin-bottom:0;padding-top:var(--wp--preset--spacing--50);padding-right:var(--wp--preset--spacing--50);padding-bottom:var(--wp--preset--spacing--50);padding-left:var(--wp--preset--spacing--50)\"><\/div>\n\n\n\n<div class=\"wp-block-group alignfull has-contrast-color has-text-color is-vertical is-content-justification-center is-layout-flex wp-container-core-group-is-layout-f306f087 wp-block-group-is-layout-flex\" style=\"min-height:40vh;margin-top:0;margin-bottom:0;padding-top:var(--wp--preset--spacing--60);padding-right:var(--wp--preset--spacing--50);padding-bottom:var(--wp--preset--spacing--60);padding-left:var(--wp--preset--spacing--50)\"><div style=\"margin-bottom:6px;\" class=\"is-default-size aligncenter wp-block-site-logo\"><a href=\"http:\/\/www.rituracces.com\/\" class=\"custom-logo-link\" rel=\"home\"><img loading=\"lazy\" decoding=\"async\" width=\"1139\" height=\"1316\" src=\"http:\/\/www.rituracces.com\/wp-content\/uploads\/2025\/09\/RI_TA-Cuadrado-1.png\" class=\"custom-logo\" alt=\"Red Iberoamericana de Turismo Accesible\" srcset=\"http:\/\/www.rituracces.com\/wp-content\/uploads\/2025\/09\/RI_TA-Cuadrado-1.png 1139w, http:\/\/www.rituracces.com\/wp-content\/uploads\/2025\/09\/RI_TA-Cuadrado-1-260x300.png 260w, http:\/\/www.rituracces.com\/wp-content\/uploads\/2025\/09\/RI_TA-Cuadrado-1-886x1024.png 886w, http:\/\/www.rituracces.com\/wp-content\/uploads\/2025\/09\/RI_TA-Cuadrado-1-768x887.png 768w\" sizes=\"auto, (max-width: 1139px) 100vw, 1139px\" \/><\/a><\/div>\n\n\n<p class=\"has-text-align-center has-medium-font-size\">Proudly powered by <a href=\"https:\/\/wordpress.org\">WordPress<\/a><\/p>\n\n\n\n<ul class=\"wp-block-social-links has-normal-icon-size is-style-logos-only is-nowrap is-layout-flex wp-container-core-social-links-is-layout-65900438 wp-block-social-links-is-layout-flex\"><li class=\"wp-social-link wp-social-link-mail  wp-block-social-link\"><a href=\"https:\/\/presidencia@rituracces.com%20\" class=\"wp-block-social-link-anchor\"><svg width=\"24\" height=\"24\" viewBox=\"0 0 24 24\" version=\"1.1\" xmlns=\"http:\/\/www.w3.org\/2000\/svg\" aria-hidden=\"true\" focusable=\"false\"><path d=\"M19,5H5c-1.1,0-2,.9-2,2v10c0,1.1.9,2,2,2h14c1.1,0,2-.9,2-2V7c0-1.1-.9-2-2-2zm.5,12c0,.3-.2.5-.5.5H5c-.3,0-.5-.2-.5-.5V9.8l7.5,5.6,7.5-5.6V17zm0-9.1L12,13.6,4.5,7.9V7c0-.3.2-.5.5-.5h14c.3,0,.5.2.5.5v.9z\"><\/path><\/svg><span class=\"wp-block-social-link-label screen-reader-text\">Mail<\/span><\/a><\/li>\n\n<li class=\"wp-social-link wp-social-link-facebook  wp-block-social-link\"><a href=\"https:\/\/www.facebook.com\/RI.TurismoAccesible\/\" class=\"wp-block-social-link-anchor\"><svg width=\"24\" height=\"24\" viewBox=\"0 0 24 24\" version=\"1.1\" xmlns=\"http:\/\/www.w3.org\/2000\/svg\" aria-hidden=\"true\" focusable=\"false\"><path d=\"M12 2C6.5 2 2 6.5 2 12c0 5 3.7 9.1 8.4 9.9v-7H7.9V12h2.5V9.8c0-2.5 1.5-3.9 3.8-3.9 1.1 0 2.2.2 2.2.2v2.5h-1.3c-1.2 0-1.6.8-1.6 1.6V12h2.8l-.4 2.9h-2.3v7C18.3 21.1 22 17 22 12c0-5.5-4.5-10-10-10z\"><\/path><\/svg><span class=\"wp-block-social-link-label screen-reader-text\">Facebook<\/span><\/a><\/li>\n\n<li class=\"wp-social-link wp-social-link-instagram  wp-block-social-link\"><a href=\"https:\/\/www.instagram.com\/ri.turismoaccesible\/\" class=\"wp-block-social-link-anchor\"><svg width=\"24\" height=\"24\" viewBox=\"0 0 24 24\" version=\"1.1\" xmlns=\"http:\/\/www.w3.org\/2000\/svg\" aria-hidden=\"true\" focusable=\"false\"><path d=\"M12,4.622c2.403,0,2.688,0.009,3.637,0.052c0.877,0.04,1.354,0.187,1.671,0.31c0.42,0.163,0.72,0.358,1.035,0.673 c0.315,0.315,0.51,0.615,0.673,1.035c0.123,0.317,0.27,0.794,0.31,1.671c0.043,0.949,0.052,1.234,0.052,3.637 s-0.009,2.688-0.052,3.637c-0.04,0.877-0.187,1.354-0.31,1.671c-0.163,0.42-0.358,0.72-0.673,1.035 c-0.315,0.315-0.615,0.51-1.035,0.673c-0.317,0.123-0.794,0.27-1.671,0.31c-0.949,0.043-1.233,0.052-3.637,0.052 s-2.688-0.009-3.637-0.052c-0.877-0.04-1.354-0.187-1.671-0.31c-0.42-0.163-0.72-0.358-1.035-0.673 c-0.315-0.315-0.51-0.615-0.673-1.035c-0.123-0.317-0.27-0.794-0.31-1.671C4.631,14.688,4.622,14.403,4.622,12 s0.009-2.688,0.052-3.637c0.04-0.877,0.187-1.354,0.31-1.671c0.163-0.42,0.358-0.72,0.673-1.035 c0.315-0.315,0.615-0.51,1.035-0.673c0.317-0.123,0.794-0.27,1.671-0.31C9.312,4.631,9.597,4.622,12,4.622 M12,3 C9.556,3,9.249,3.01,8.289,3.054C7.331,3.098,6.677,3.25,6.105,3.472C5.513,3.702,5.011,4.01,4.511,4.511 c-0.5,0.5-0.808,1.002-1.038,1.594C3.25,6.677,3.098,7.331,3.054,8.289C3.01,9.249,3,9.556,3,12c0,2.444,0.01,2.751,0.054,3.711 c0.044,0.958,0.196,1.612,0.418,2.185c0.23,0.592,0.538,1.094,1.038,1.594c0.5,0.5,1.002,0.808,1.594,1.038 c0.572,0.222,1.227,0.375,2.185,0.418C9.249,20.99,9.556,21,12,21s2.751-0.01,3.711-0.054c0.958-0.044,1.612-0.196,2.185-0.418 c0.592-0.23,1.094-0.538,1.594-1.038c0.5-0.5,0.808-1.002,1.038-1.594c0.222-0.572,0.375-1.227,0.418-2.185 C20.99,14.751,21,14.444,21,12s-0.01-2.751-0.054-3.711c-0.044-0.958-0.196-1.612-0.418-2.185c-0.23-0.592-0.538-1.094-1.038-1.594 c-0.5-0.5-1.002-0.808-1.594-1.038c-0.572-0.222-1.227-0.375-2.185-0.418C14.751,3.01,14.444,3,12,3L12,3z M12,7.378 c-2.552,0-4.622,2.069-4.622,4.622S9.448,16.622,12,16.622s4.622-2.069,4.622-4.622S14.552,7.378,12,7.378z M12,15 c-1.657,0-3-1.343-3-3s1.343-3,3-3s3,1.343,3,3S13.657,15,12,15z M16.804,6.116c-0.596,0-1.08,0.484-1.08,1.08 s0.484,1.08,1.08,1.08c0.596,0,1.08-0.484,1.08-1.08S17.401,6.116,16.804,6.116z\"><\/path><\/svg><span class=\"wp-block-social-link-label screen-reader-text\">Instagram<\/span><\/a><\/li><\/ul>\n<\/div>\n","protected":false},"excerpt":{"rendered":"<p>Miembros Pueden formar parte de la Red: Tipos de miembros: Todos los miembros disfrutan de derechos como participar en las Asambleas, proponer iniciativas, recibir informaci\u00f3n actualizada y acceder a beneficios y oportunidades de colaboraci\u00f3n internacional. Junta Directiva Diego Gonz\u00e1lez Velasco Presidente Adis OzunaVicepresidenta Judith Cardenas Secretaria General Todos los cargos son honor\u00edficos y no remunerados, [&hellip;]<\/p>\n","protected":false},"author":1,"featured_media":0,"parent":0,"menu_order":0,"comment_status":"closed","ping_status":"closed","template":"","meta":{"footnotes":""},"class_list":["post-7","page","type-page","status-publish","hentry"],"_links":{"self":[{"href":"http:\/\/www.rituracces.com\/index.php\/wp-json\/wp\/v2\/pages\/7","targetHints":{"allow":["GET"]}}],"collection":[{"href":"http:\/\/www.rituracces.com\/index.php\/wp-json\/wp\/v2\/pages"}],"about":[{"href":"http:\/\/www.rituracces.com\/index.php\/wp-json\/wp\/v2\/types\/page"}],"author":[{"embeddable":true,"href":"http:\/\/www.rituracces.com\/index.php\/wp-json\/wp\/v2\/users\/1"}],"replies":[{"embeddable":true,"href":"http:\/\/www.rituracces.com\/index.php\/wp-json\/wp\/v2\/comments?post=7"}],"version-history":[{"count":7,"href":"http:\/\/www.rituracces.com\/index.php\/wp-json\/wp\/v2\/pages\/7\/revisions"}],"predecessor-version":[{"id":38,"href":"http:\/\/www.rituracces.com\/index.php\/wp-json\/wp\/v2\/pages\/7\/revisions\/38"}],"wp:attachment":[{"href":"http:\/\/www.rituracces.com\/index.php\/wp-json\/wp\/v2\/media?parent=7"}],"curies":[{"name":"wp","href":"https:\/\/api.w.org\/{rel}","templated":true}]}}